{"id":17326,"date":"2020-03-13T12:55:34","date_gmt":"2020-03-13T11:55:34","guid":{"rendered":"https:\/\/vapotheque.ch\/boutique\/liquidarom-vanille-creme-100ml-e-liquide\/"},"modified":"2025-11-05T16:37:52","modified_gmt":"2025-11-05T15:37:52","slug":"liquidarom-creme-vanille-100-ml-e-liquid","status":"publish","type":"product","link":"https:\/\/vapotheque.ch\/de\/shop\/liquidarom-creme-vanille-100-ml-e-liquid\/","title":{"rendered":"LiquidArom &#8211; Vanille Creme E-Liquid 100 ml \/ 120 ml"},"content":{"rendered":"<h2>Entdecken Sie das Vanilla Cream E-Liquid im 100 ml \/ 120 ml Format von LiquidArom!<\/h2>\n<p>LiquidArom hat an einem einfachen, aber furchtbar effektiven E-Liquid gearbeitet: der Vanilla Cream 100 ml \/ 120 ml!<\/p>\n<p>Erliegen Sie dem Realismus und dem Genuss von Cr\u00e8me Vanille. Der Cr\u00e8me Vanille erwartet Sie, um Sie mit seiner <strong>dicken, s\u00fc\u00dfen und zart vanilligen Creme<\/strong> zu verw\u00f6hnen.<\/p>\n<p>Das 100-ml-Format ist etwas, das gef\u00e4llt! Wir dampfen ohne M\u00e4\u00dfigung&#8230;<\/p>\n<\/p>\n<p>Wichtig:<\/p>\n<p>E-Liquid in Aromen 100 ml, verkauft in einem <strong>120 ml Fl\u00e4schchen<\/strong>.<\/p>\n<p>Hergestellt in Frankreich.<\/p>\n<p>PG\/VG Anteil: <strong>50\/50<\/strong><\/p>\n<p>Sehen Sie sich alle Produkte der Marke <a href=\"..\/..\/product_brand\/liquidarom\/\" target=\"_blank\" rel=\"noopener\">Liquidarom<\/a> an.<\/p>\n<p>Erhalten Sie Rabatte oder die neuesten Informationen zu unseren Produkten, indem Sie uns in unseren sozialen Netzwerken folgen: <a href=\"https:\/\/www.facebook.com\/VapeAigleCH\" target=\"_blank\" rel=\"noopener\">Facebook<\/a> oder <a href=\"https:\/\/www.instagram.com\/vapotheque_aigle\/\" target=\"_blank\" rel=\"noopener\">Instagram<\/a>.<\/p>\n","protected":false},"excerpt":{"rendered":"<p>Entdecken Sie das Vanilla Cream E-Liquid im 100 ml \/ 120 ml Format von LiquidArom! LiquidArom hat an einem einfachen, aber furchtbar effektiven E-Liquid gearbeitet: der Vanilla Cream 100 ml \/ 120 ml! Erliegen Sie dem Realismus und dem Genuss von Cr\u00e8me Vanille. Der Cr\u00e8me Vanille erwartet Sie, um Sie mit seiner dicken, s\u00fc\u00dfen und [&hellip;]<\/p>\n","protected":false},"featured_media":23880,"template":"","meta":{"_acf_changed":false},"product_cat":[405,397,408,1690,1679],"product_tag":[],"class_list":{"0":"post-17326","1":"product","2":"type-product","3":"status-publish","4":"has-post-thumbnail","6":"product_brand-liquidarom-de","7":"product_cat-e-liquids","8":"product_cat-gourmands-de","9":"product_cat-lieferbar-innerhalb-von-24-stunden-de","10":"product_cat-100-ml-fur-120-ml","11":"product_cat-menge-e-flussigkeit-kapazitat-flasche","13":"first","14":"instock","15":"taxable","16":"shipping-taxable","17":"purchasable","18":"product-type-simple"},"acf":[],"jetpack_sharing_enabled":true,"_links":{"self":[{"href":"https:\/\/vapotheque.ch\/de\/wp-json\/wp\/v2\/product\/17326","targetHints":{"allow":["GET"]}}],"collection":[{"href":"https:\/\/vapotheque.ch\/de\/wp-json\/wp\/v2\/product"}],"about":[{"href":"https:\/\/vapotheque.ch\/de\/wp-json\/wp\/v2\/types\/product"}],"wp:featuredmedia":[{"embeddable":true,"href":"https:\/\/vapotheque.ch\/de\/wp-json\/wp\/v2\/media\/23880"}],"wp:attachment":[{"href":"https:\/\/vapotheque.ch\/de\/wp-json\/wp\/v2\/media?parent=17326"}],"wp:term":[{"taxonomy":"product_cat","embeddable":true,"href":"https:\/\/vapotheque.ch\/de\/wp-json\/wp\/v2\/product_cat?post=17326"},{"taxonomy":"product_tag","embeddable":true,"href":"https:\/\/vapotheque.ch\/de\/wp-json\/wp\/v2\/product_tag?post=17326"}],"curies":[{"name":"wp","href":"https:\/\/api.w.org\/{rel}","templated":true}]}}