{"id":17323,"date":"2020-03-13T16:14:14","date_gmt":"2020-03-13T15:14:14","guid":{"rendered":"https:\/\/vapotheque.ch\/boutique\/mythik-reserve-haselnuss-e-liquid\/"},"modified":"2025-11-05T18:19:52","modified_gmt":"2025-11-05T17:19:52","slug":"le-mythik-reserve-nussbaum","status":"publish","type":"product","link":"https:\/\/vapotheque.ch\/de\/shop\/le-mythik-reserve-nussbaum\/","title":{"rendered":"Mythik &#8211; Reserve Haselnuss E-Liquid 50 ml \/ 70 ml"},"content":{"rendered":"<h2>Das E-Liquid Reserve Haselnuss von Mythik ist eine perfekte Kombination aus k\u00f6stlichen Aromen&#8230;<\/h2>\n<p>Das e-Liquid MythiK Reserve Haselnuss ist ein sehr ausgereiftes, aber besonders komplexes Rezept. Dieses Liquid, das mit dem gesamten Wissen von Religion Juice hergestellt wurde, basiert auf wundersch\u00f6nen<strong> blonden Classic-Bl\u00e4ttern<\/strong>, zu denen sich gro\u00dfz\u00fcgige, knackige <strong>Haseln\u00fcsse<\/strong> und ein ganz leichter Hauch von <strong>Rum<\/strong> gesellen! Der himmlische Juice wird <strong>30 Tage<\/strong> lang <strong>in Eichenf\u00e4ssern gereift<\/strong>&#8230; Gro\u00dfe Kunst made in France!<\/p>\n<\/p>\n<p>Von Savourea zusammengestellt, wird es jedes Mal Liebe auf den ersten Blick sein!<\/p>\n<p>Wichtig: 50 ml E-Liquid mit Geschmacksverst\u00e4rker, verkauft in einer 70 ml Flasche.<\/p>\n<p>PG\/VG Anteil: 50\/50<\/p>\n<p>Hergestellt in Frankreich.<\/p>\n<p>Entdecken Sie weitere Produkte der Marke <a href=\"..\/..\/marque\/savourea\/\" target=\"_blank\" rel=\"noopener\">Savourea<\/a>.<\/p>\n<p>Erhalten Sie Rabatte oder die neuesten Informationen zu unseren Produkten, indem Sie uns in unseren sozialen Netzwerken folgen: <a href=\"https:\/\/www.facebook.com\/VapeAigleCH\" target=\"_blank\" rel=\"noopener\">Facebook<\/a> oder <a href=\"https:\/\/www.instagram.com\/vapotheque\" target=\"_blank\" rel=\"noopener\">Instagram<\/a>.<\/p>\n","protected":false},"excerpt":{"rendered":"<p>Das E-Liquid Reserve Haselnuss von Mythik ist eine perfekte Kombination aus k\u00f6stlichen Aromen&#8230; Das e-Liquid MythiK Reserve Haselnuss ist ein sehr ausgereiftes, aber besonders komplexes Rezept. Dieses Liquid, das mit dem gesamten Wissen von Religion Juice hergestellt wurde, basiert auf wundersch\u00f6nen blonden Classic-Bl\u00e4ttern, zu denen sich gro\u00dfz\u00fcgige, knackige Haseln\u00fcsse und ein ganz leichter Hauch von [&hellip;]<\/p>\n","protected":false},"featured_media":14458,"template":"","meta":{"_acf_changed":false},"product_cat":[405,397,408,403,1686,1679],"product_tag":[],"class_list":{"0":"post-17323","1":"product","2":"type-product","3":"status-publish","4":"has-post-thumbnail","6":"product_brand-savourea-de","7":"product_cat-e-liquids","8":"product_cat-gourmands-de","9":"product_cat-lieferbar-innerhalb-von-24-stunden-de","10":"product_cat-tabak","11":"product_cat-50-ml-fur-70-ml","12":"product_cat-menge-e-flussigkeit-kapazitat-flasche","14":"first","15":"instock","16":"taxable","17":"shipping-taxable","18":"purchasable","19":"product-type-simple"},"acf":[],"jetpack_sharing_enabled":true,"_links":{"self":[{"href":"https:\/\/vapotheque.ch\/de\/wp-json\/wp\/v2\/product\/17323","targetHints":{"allow":["GET"]}}],"collection":[{"href":"https:\/\/vapotheque.ch\/de\/wp-json\/wp\/v2\/product"}],"about":[{"href":"https:\/\/vapotheque.ch\/de\/wp-json\/wp\/v2\/types\/product"}],"wp:featuredmedia":[{"embeddable":true,"href":"https:\/\/vapotheque.ch\/de\/wp-json\/wp\/v2\/media\/14458"}],"wp:attachment":[{"href":"https:\/\/vapotheque.ch\/de\/wp-json\/wp\/v2\/media?parent=17323"}],"wp:term":[{"taxonomy":"product_cat","embeddable":true,"href":"https:\/\/vapotheque.ch\/de\/wp-json\/wp\/v2\/product_cat?post=17323"},{"taxonomy":"product_tag","embeddable":true,"href":"https:\/\/vapotheque.ch\/de\/wp-json\/wp\/v2\/product_tag?post=17323"}],"curies":[{"name":"wp","href":"https:\/\/api.w.org\/{rel}","templated":true}]}}