{"id":17319,"date":"2020-03-16T16:33:45","date_gmt":"2020-03-16T15:33:45","guid":{"rendered":"https:\/\/vapotheque.ch\/boutique\/high-vaping-rinneg-gan-e-liquid\/"},"modified":"2025-11-05T18:18:29","modified_gmt":"2025-11-05T17:18:29","slug":"high-vaping-rinneg-gan","status":"publish","type":"product","link":"https:\/\/vapotheque.ch\/de\/shop\/high-vaping-rinneg-gan\/","title":{"rendered":"High Vaping &#8211; Rinneg Gan E-Liquide &#8211; 50 ml \/ 70 ml"},"content":{"rendered":"<h2>High Vaping ist eine franz\u00f6sische Marke, die uns in ihrem Sortiment an e-Liquids den Rinneg Gan anbietet.<\/h2>\n<p>Rinneg Gan ist eine <strong>fruchtige Gourmet-E-Liquid<\/strong>, die von High Vaping entwickelt wurde.<\/p>\n<\/p>\n<p>In den geheimen G\u00e4rten des im Nebel verborgenen Dorfes steht ein Baum, der alle 1000 Jahre eine heilige Frucht hervorbringt. Eine magische <strong>Mango<\/strong>, die demjenigen, der sie verzehrt, besondere Kr\u00e4fte verleiht. Wir haben sie f\u00fcr Sie gepfl\u00fcckt und einen prachtvollen Trank auf <strong>K\u00e4sekuchenbasis<\/strong> kreiert, Sie werden Ihren Pupillen nicht trauen.<\/p>\n<\/p>\n<p>Wichtig:<\/p>\n<p>E-Liquid in Aromen 50 ml, verkauft <strong>in einem<\/strong><strong>7 0 ml Fl\u00e4schchen<\/strong>.<\/p>\n<p>Hergestellt in Frankreich.<\/p>\n<p>PG\/VG-Anteil: <strong>30<\/strong>%\/<strong>70<\/strong>%<\/p>\n<p>Entdecken Sie weitere Produkte der Marke <a href=\"..\/..\/marque\/highvaping\/\" target=\"_blank\" rel=\"noopener\">High Vaping<\/a>.<\/p>\n<p>Erhalten Sie Rabatte oder die neuesten Informationen zu unseren Produkten, indem Sie uns in unseren sozialen Netzwerken folgen: <a href=\"https:\/\/www.facebook.com\/VapeAigleCH\" target=\"_blank\" rel=\"noopener\">Facebook<\/a> oder <a href=\"https:\/\/www.instagram.com\/vapotheque\" target=\"_blank\" rel=\"noopener\">Instagram<\/a>.<\/p>\n","protected":false},"excerpt":{"rendered":"<p>High Vaping ist eine franz\u00f6sische Marke, die uns in ihrem Sortiment an e-Liquids den Rinneg Gan anbietet. Rinneg Gan ist eine fruchtige Gourmet-E-Liquid, die von High Vaping entwickelt wurde. In den geheimen G\u00e4rten des im Nebel verborgenen Dorfes steht ein Baum, der alle 1000 Jahre eine heilige Frucht hervorbringt. Eine magische Mango, die demjenigen, der [&hellip;]<\/p>\n","protected":false},"featured_media":14578,"template":"","meta":{"_acf_changed":false},"product_cat":[405,404,397,408,1685,1679],"product_tag":[],"class_list":{"0":"post-17319","1":"product","2":"type-product","3":"status-publish","4":"has-post-thumbnail","6":"product_brand-highvaping-de","7":"product_cat-e-liquids","8":"product_cat-fruchtig","9":"product_cat-gourmands-de","10":"product_cat-lieferbar-innerhalb-von-24-stunden-de","11":"product_cat-50-ml-fur-60-ml","12":"product_cat-menge-e-flussigkeit-kapazitat-flasche","14":"first","15":"instock","16":"taxable","17":"shipping-taxable","18":"purchasable","19":"product-type-simple"},"acf":[],"jetpack_sharing_enabled":true,"_links":{"self":[{"href":"https:\/\/vapotheque.ch\/de\/wp-json\/wp\/v2\/product\/17319","targetHints":{"allow":["GET"]}}],"collection":[{"href":"https:\/\/vapotheque.ch\/de\/wp-json\/wp\/v2\/product"}],"about":[{"href":"https:\/\/vapotheque.ch\/de\/wp-json\/wp\/v2\/types\/product"}],"wp:featuredmedia":[{"embeddable":true,"href":"https:\/\/vapotheque.ch\/de\/wp-json\/wp\/v2\/media\/14578"}],"wp:attachment":[{"href":"https:\/\/vapotheque.ch\/de\/wp-json\/wp\/v2\/media?parent=17319"}],"wp:term":[{"taxonomy":"product_cat","embeddable":true,"href":"https:\/\/vapotheque.ch\/de\/wp-json\/wp\/v2\/product_cat?post=17319"},{"taxonomy":"product_tag","embeddable":true,"href":"https:\/\/vapotheque.ch\/de\/wp-json\/wp\/v2\/product_tag?post=17319"}],"curies":[{"name":"wp","href":"https:\/\/api.w.org\/{rel}","templated":true}]}}