{"id":17311,"date":"2020-03-19T02:32:54","date_gmt":"2020-03-19T01:32:54","guid":{"rendered":"https:\/\/vapotheque.ch\/boutique\/vaporesso-packung-mit-5-gtx-widerstaenden\/"},"modified":"2025-11-05T18:05:52","modified_gmt":"2025-11-05T17:05:52","slug":"vaporesso-gtx-widerstaende","status":"publish","type":"product","link":"https:\/\/vapotheque.ch\/de\/shop\/vaporesso-gtx-widerstaende\/","title":{"rendered":"Vaporesso &#8211; GTX Coils &#8211; Packung x5"},"content":{"rendered":"<h2>Vaporesso bietet uns seine GTX-Widerst\u00e4nde an.<\/h2>\n<p>Vaporesso GTX Coils kompatibel mit <strong>Swag PX80, Gen PT60, Swag PT80S<\/strong> Kits. <\/p>\n<p>Die <strong>Mesh-Technologie<\/strong> f\u00f6rdert sowohl die hervorragende Geschmackswiedergabe als auch die gro\u00dfe Dampfwolke.<\/p>\n<p><strong>Dichter Dampf MTL\/RDL\/DL<\/strong> je nach gew\u00e4hltem Widerstand.<\/p>\n<p><strong>Verkauft in Schachteln mit 5 St\u00fcck.<\/strong><\/p>\n<\/p>\n<p>F\u00fcnf Versionen verf\u00fcgbar:<\/p>\n<ul>\n<li>GTX-2 Mesh-Widerstand von 0,20 Ohm, zu verwenden zwischen 45 und 60 Watt.<\/li>\n<li>GTX-2 Mesh-Widerstand von 0,30 Ohm, zu verwenden zwischen 32 und 45 Watt.<\/li>\n<li>GTX-2 Mesh-Widerstand von 0,40 Ohm, zu verwenden zwischen 26 und 32 Watt<\/li>\n<li>GTX Mesh-Widerstand von 0,60 Ohm, zu verwenden zwischen 20 und 26 Watt.<\/li>\n<li>GTX-2 Mesh-Widerstand von 0,80 Ohm, zu verwenden zwischen 12 und 16 Watt.<\/li>\n<\/ul>\n<p>Sehen Sie sich alle Produkte der Marke <a href=\"..\/..\/product_brand\/vaporesso\/\" target=\"_blank\" rel=\"noopener\">Vaporesso<\/a> an.<\/p>\n<p>Erhalten Sie Rabatte oder die neuesten Informationen \u00fcber unsere anderen Produkte, die in unseren Gesch\u00e4ften erh\u00e4ltlich sind, indem Sie uns auf unseren sozialen Netzwerken folgen: <a href=\"https:\/\/www.facebook.com\/VapeAigleCH\" target=\"_blank\" rel=\"noopener\">Facebook<\/a> oder <a href=\"https:\/\/www.instagram.com\/vapotheque_aigle\/\" target=\"_blank\" rel=\"noopener\">Instagram<\/a>.<\/p>\n","protected":false},"excerpt":{"rendered":"<p>Vaporesso bietet uns seine GTX-Widerst\u00e4nde an. Vaporesso GTX Coils kompatibel mit Swag PX80, Gen PT60, Swag PT80S Kits. Die Mesh-Technologie f\u00f6rdert sowohl die hervorragende Geschmackswiedergabe als auch die gro\u00dfe Dampfwolke. Dichter Dampf MTL\/RDL\/DL je nach gew\u00e4hltem Widerstand. Verkauft in Schachteln mit 5 St\u00fcck. F\u00fcnf Versionen verf\u00fcgbar: GTX-2 Mesh-Widerstand von 0,20 Ohm, zu verwenden zwischen 45 [&hellip;]<\/p>\n","protected":false},"featured_media":14676,"template":"","meta":{"_acf_changed":false},"product_cat":[408,399],"product_tag":[],"class_list":{"0":"post-17311","1":"product","2":"type-product","3":"status-publish","4":"has-post-thumbnail","6":"product_brand-vaporesso-de","7":"product_cat-lieferbar-innerhalb-von-24-stunden-de","8":"product_cat-vorgefertigte-widerstande","10":"first","11":"instock","12":"taxable","13":"shipping-taxable","14":"purchasable","15":"product-type-variable"},"acf":[],"jetpack_sharing_enabled":true,"_links":{"self":[{"href":"https:\/\/vapotheque.ch\/de\/wp-json\/wp\/v2\/product\/17311","targetHints":{"allow":["GET"]}}],"collection":[{"href":"https:\/\/vapotheque.ch\/de\/wp-json\/wp\/v2\/product"}],"about":[{"href":"https:\/\/vapotheque.ch\/de\/wp-json\/wp\/v2\/types\/product"}],"wp:featuredmedia":[{"embeddable":true,"href":"https:\/\/vapotheque.ch\/de\/wp-json\/wp\/v2\/media\/14676"}],"wp:attachment":[{"href":"https:\/\/vapotheque.ch\/de\/wp-json\/wp\/v2\/media?parent=17311"}],"wp:term":[{"taxonomy":"product_cat","embeddable":true,"href":"https:\/\/vapotheque.ch\/de\/wp-json\/wp\/v2\/product_cat?post=17311"},{"taxonomy":"product_tag","embeddable":true,"href":"https:\/\/vapotheque.ch\/de\/wp-json\/wp\/v2\/product_tag?post=17311"}],"curies":[{"name":"wp","href":"https:\/\/api.w.org\/{rel}","templated":true}]}}