{"id":17308,"date":"2020-03-13T11:50:11","date_gmt":"2020-03-13T10:50:11","guid":{"rendered":"https:\/\/vapotheque.ch\/boutique\/don-cristo-coffee-e-liquide\/"},"modified":"2026-02-12T12:00:12","modified_gmt":"2026-02-12T11:00:12","slug":"don-cristo-coffee-e-liquid","status":"publish","type":"product","link":"https:\/\/vapotheque.ch\/de\/shop\/don-cristo-coffee-e-liquid\/","title":{"rendered":"Don Cristo &#8211; Kaffee 50 ml \/ 60 ml E-Liquid"},"content":{"rendered":"<h2>Don Cristo bringt sein Spitzenrezept heraus, und der kleine Neue hei\u00dft Don Cristo Coffee E-Liquid!<\/h2>\n<p>Der kanadische Designer PGVG Labs hat eine exquisite Mischung entwickelt, die alle Dampfer, die auf der Suche nach einem starken E-Liquid sind, gl\u00fccklich machen wird: Don Cristo Coffee!<\/p>\n<p>Sie enth\u00e4lt den Charakter und die Milde einer <strong>kubanischen Zigarre<\/strong>, der ger\u00f6stete Kaffeebohnen hinzugef\u00fcgt wurden, um <strong>90 Tage lang zu reifen<\/strong>. Nur wenige Fl\u00fcssigkeiten sind von so hoher Qualit\u00e4t, ein wahrer Genuss! Eine subtile Mischung aus <strong>St\u00e4rke<\/strong> und <b>Bitterkeit <\/b>, in der sich kubanische Zigarren und <b>Kaffeenoten <\/b>zu einem hochkar\u00e4tigen Dampferlebnis vereinen.<\/p>\n<\/p>\n<p>PG\/VG-Bewertung: 30\/70<\/p>\n<p>Hergestellt in Kanada.<\/p>\n<p>Entdecken Sie die anderen Produkte der <a href=\"..\/..\/marque\/pg-vg-labs\/\" target=\"_blank\" rel=\"noopener\">Marke PG VG Labs!<\/a><\/p>\n<p>Erhalten Sie Rabatte oder die neuesten Informationen zu unseren Produkten, indem Sie uns in unseren sozialen Netzwerken folgen: <a href=\"https:\/\/www.facebook.com\/VapeAigleCH\" target=\"_blank\" rel=\"noopener\">Facebook<\/a> oder <a href=\"https:\/\/www.instagram.com\/vapotheque_aigle\/\" target=\"_blank\" rel=\"noopener\">Instagram<\/a>.<\/p>\n","protected":false},"excerpt":{"rendered":"<p>Don Cristo bringt sein Spitzenrezept heraus, und der kleine Neue hei\u00dft Don Cristo Coffee E-Liquid! Der kanadische Designer PGVG Labs hat eine exquisite Mischung entwickelt, die alle Dampfer, die auf der Suche nach einem starken E-Liquid sind, gl\u00fccklich machen wird: Don Cristo Coffee! Sie enth\u00e4lt den Charakter und die Milde einer kubanischen Zigarre, der ger\u00f6stete [&hellip;]<\/p>\n","protected":false},"featured_media":47742,"template":"","meta":{"_acf_changed":false},"product_cat":[405,408,403,1685,1679],"product_tag":[],"class_list":{"0":"post-17308","1":"product","2":"type-product","3":"status-publish","4":"has-post-thumbnail","6":"product_brand-don-cristo-de","7":"product_brand-pg-vg-labs-de","8":"product_cat-e-liquids","9":"product_cat-lieferbar-innerhalb-von-24-stunden-de","10":"product_cat-tabak","11":"product_cat-50-ml-fur-60-ml","12":"product_cat-menge-e-flussigkeit-kapazitat-flasche","14":"first","15":"instock","16":"taxable","17":"shipping-taxable","18":"purchasable","19":"product-type-simple"},"acf":[],"jetpack_sharing_enabled":true,"_links":{"self":[{"href":"https:\/\/vapotheque.ch\/de\/wp-json\/wp\/v2\/product\/17308","targetHints":{"allow":["GET"]}}],"collection":[{"href":"https:\/\/vapotheque.ch\/de\/wp-json\/wp\/v2\/product"}],"about":[{"href":"https:\/\/vapotheque.ch\/de\/wp-json\/wp\/v2\/types\/product"}],"wp:featuredmedia":[{"embeddable":true,"href":"https:\/\/vapotheque.ch\/de\/wp-json\/wp\/v2\/media\/47742"}],"wp:attachment":[{"href":"https:\/\/vapotheque.ch\/de\/wp-json\/wp\/v2\/media?parent=17308"}],"wp:term":[{"taxonomy":"product_cat","embeddable":true,"href":"https:\/\/vapotheque.ch\/de\/wp-json\/wp\/v2\/product_cat?post=17308"},{"taxonomy":"product_tag","embeddable":true,"href":"https:\/\/vapotheque.ch\/de\/wp-json\/wp\/v2\/product_tag?post=17308"}],"curies":[{"name":"wp","href":"https:\/\/api.w.org\/{rel}","templated":true}]}}