{"id":17306,"date":"2020-03-16T17:12:01","date_gmt":"2020-03-16T16:12:01","guid":{"rendered":"https:\/\/vapotheque.ch\/boutique\/fruizee-zitrone-orange-mandarine-e-liquid\/"},"modified":"2025-11-05T18:15:01","modified_gmt":"2025-11-05T17:15:01","slug":"fruizee-zitrone-orange-mandarine","status":"publish","type":"product","link":"https:\/\/vapotheque.ch\/de\/shop\/fruizee-zitrone-orange-mandarine\/","title":{"rendered":"Fruizee &#8211; Zitrone Orange Mandarine 50 ml \/ 70 ml E-Liquid"},"content":{"rendered":"<h2>Eliquid France hat in seiner Fruizee-Reihe das E-Liquid Zitrone Orange Mandarine verarbeitet.<\/h2>\n<p>Das e-Liquid Zitrone Orange Mandarine aus dem Fruizee Sortiment ist unglaublich frisch!<\/p>\n<p>Entdecken Sie alle Aromen der aufgef\u00fchrten Zitrusfr\u00fcchte: die S\u00e4ure der <strong>Zitrone<\/strong>, die Bitterkeit der <strong>Orange<\/strong> und die S\u00fc\u00dfe der <strong>Mandarine<\/strong>, mit einem <strong>frostigen<\/strong> Effekt!<\/p>\n<p>Der franz\u00f6sische Hersteller hat ein Rezept entwickelt, das den ganz Gro\u00dfen w\u00fcrdig ist! Sie werden sich zu jeder Zeit des Jahres wie im Urlaub f\u00fchlen!<\/p>\n<\/p>\n<p>Wichtig:<\/p>\n<p>E-Liquid mit Aromen 50 ml, verkauft in einem <strong>70-ml-Fl\u00e4schchen<\/strong>.<\/p>\n<p>Hergestellt in Frankreich.<\/p>\n<p>PG\/VG-Anteil: <strong>30<\/strong>%\/<strong>70<\/strong>%<\/p>\n<p>Entdecken Sie die anderen Produkte der <a href=\"..\/..\/product_brand\/fruizee\/\" target=\"_blank\" rel=\"noopener\">Fruizee-Reihe<\/a>.<\/p>\n<p>Erhalten Sie Rabatte oder die neuesten Informationen zu unseren Produkten, indem Sie uns in unseren sozialen Netzwerken folgen: <a href=\"https:\/\/www.facebook.com\/VapeAigleCH\" target=\"_blank\" rel=\"noopener\">Facebook<\/a> oder <a href=\"https:\/\/www.instagram.com\/vapotheque\" target=\"_blank\" rel=\"noopener\">Instagram<\/a>.<\/p>\n","protected":false},"excerpt":{"rendered":"<p>Eliquid France hat in seiner Fruizee-Reihe das E-Liquid Zitrone Orange Mandarine verarbeitet. Das e-Liquid Zitrone Orange Mandarine aus dem Fruizee Sortiment ist unglaublich frisch! Entdecken Sie alle Aromen der aufgef\u00fchrten Zitrusfr\u00fcchte: die S\u00e4ure der Zitrone, die Bitterkeit der Orange und die S\u00fc\u00dfe der Mandarine, mit einem frostigen Effekt! Der franz\u00f6sische Hersteller hat ein Rezept entwickelt, [&hellip;]<\/p>\n","protected":false},"featured_media":47761,"template":"","meta":{"_acf_changed":false},"product_cat":[405,404,408,1686,1679],"product_tag":[],"class_list":{"0":"post-17306","1":"product","2":"type-product","3":"status-publish","4":"has-post-thumbnail","6":"product_brand-fruizee-de","7":"product_cat-e-liquids","8":"product_cat-fruchtig","9":"product_cat-lieferbar-innerhalb-von-24-stunden-de","10":"product_cat-50-ml-fur-70-ml","11":"product_cat-menge-e-flussigkeit-kapazitat-flasche","13":"first","14":"instock","15":"taxable","16":"shipping-taxable","17":"purchasable","18":"product-type-simple"},"acf":[],"jetpack_sharing_enabled":true,"_links":{"self":[{"href":"https:\/\/vapotheque.ch\/de\/wp-json\/wp\/v2\/product\/17306","targetHints":{"allow":["GET"]}}],"collection":[{"href":"https:\/\/vapotheque.ch\/de\/wp-json\/wp\/v2\/product"}],"about":[{"href":"https:\/\/vapotheque.ch\/de\/wp-json\/wp\/v2\/types\/product"}],"wp:featuredmedia":[{"embeddable":true,"href":"https:\/\/vapotheque.ch\/de\/wp-json\/wp\/v2\/media\/47761"}],"wp:attachment":[{"href":"https:\/\/vapotheque.ch\/de\/wp-json\/wp\/v2\/media?parent=17306"}],"wp:term":[{"taxonomy":"product_cat","embeddable":true,"href":"https:\/\/vapotheque.ch\/de\/wp-json\/wp\/v2\/product_cat?post=17306"},{"taxonomy":"product_tag","embeddable":true,"href":"https:\/\/vapotheque.ch\/de\/wp-json\/wp\/v2\/product_tag?post=17306"}],"curies":[{"name":"wp","href":"https:\/\/api.w.org\/{rel}","templated":true}]}}