{"id":17305,"date":"2020-03-17T12:38:19","date_gmt":"2020-03-17T11:38:19","guid":{"rendered":"https:\/\/vapotheque.ch\/boutique\/mukk-mukk-himbeer-limette-blau-e-liquid\/"},"modified":"2024-10-04T14:55:08","modified_gmt":"2024-10-04T12:55:08","slug":"mukk-mukk-lime-himbeer-blau","status":"publish","type":"product","link":"https:\/\/vapotheque.ch\/de\/shop\/mukk-mukk-lime-himbeer-blau\/","title":{"rendered":"Mukk Mukk &#8211; Himbeer Limette Blau E-Liquid"},"content":{"rendered":"<h2>Mukk Mukk meldet sich mit dem E-Liquide Lime Himbeere Blau zur\u00fcck!<\/h2>\n<p>Die e-Liquids Lime Raspberry Blue von Mukk Mukk sind unglaublich gut ausbalanciert!<\/p>\n<p>Lime Framboise Bleue ist eine k\u00f6stliche <strong>Limonade<\/strong> mit dem Aroma der <strong>blauen Himbeere<\/strong>, einer sehr aromatischen Art, die hervorragend zu Getr\u00e4nken oder Desserts passt. Bringen Sie mit Lime Framboise Bleue einen Hauch von Brause in Ihr Dampfen!<\/p>\n<p>&nbsp;<\/p>\n<p>Wichtig: Mit Aromen angereicherte E-Liquids, die in einer 75-ml-Flasche verkauft werden.<\/p>\n<p class=\"class-fabrication\">Hergestellt in Kanada; PG\/VG-Verh\u00e4ltnis: 30% \/ 70%.<\/p>\n<p>Entdecken Sie weitere Produkte der Marke <a href=\"https:\/\/vapotheque.ch\/de\/produkt_brand\/mukk-mukk-de\/\" target=\"_blank\" rel=\"noopener\">Mukk Mukk<\/a>.<\/p>\n<p>Erhalten Sie Rabatte oder die neuesten Informationen \u00fcber unsere Produkte, indem Sie uns auf unseren sozialen Netzwerken folgen: <a href=\"https:\/\/www.facebook.com\/VapeAigleCH\" target=\"_blank\" rel=\"noopener\">Facebook<\/a> oder <a href=\"https:\/\/www.instagram.com\/vapotheque\" target=\"_blank\" rel=\"noopener\">Instagram<\/a>.<\/p>\n","protected":false},"excerpt":{"rendered":"<p>Mukk Mukk meldet sich mit dem E-Liquide Lime Himbeere Blau zur\u00fcck! Die e-Liquids Lime Raspberry Blue von Mukk Mukk sind unglaublich gut ausbalanciert! Lime Framboise Bleue ist eine k\u00f6stliche Limonade mit dem Aroma der blauen Himbeere, einer sehr aromatischen Art, die hervorragend zu Getr\u00e4nken oder Desserts passt. Bringen Sie mit Lime Framboise Bleue einen Hauch [&hellip;]<\/p>\n","protected":false},"featured_media":14638,"template":"","meta":{"_acf_changed":false},"product_cat":[405,404,408,1687,1679],"product_tag":[],"class_list":{"0":"post-17305","1":"product","2":"type-product","3":"status-publish","4":"has-post-thumbnail","6":"product_brand-mukk-mukk-de","7":"product_cat-e-liquids","8":"product_cat-fruchtig","9":"product_cat-lieferbar-innerhalb-von-24-stunden-de","10":"product_cat-50-ml-fur-75-ml","11":"product_cat-menge-e-flussigkeit-kapazitat-flasche","13":"first","14":"outofstock","15":"taxable","16":"shipping-taxable","17":"purchasable","18":"product-type-simple"},"acf":[],"jetpack_sharing_enabled":true,"_links":{"self":[{"href":"https:\/\/vapotheque.ch\/de\/wp-json\/wp\/v2\/product\/17305","targetHints":{"allow":["GET"]}}],"collection":[{"href":"https:\/\/vapotheque.ch\/de\/wp-json\/wp\/v2\/product"}],"about":[{"href":"https:\/\/vapotheque.ch\/de\/wp-json\/wp\/v2\/types\/product"}],"wp:featuredmedia":[{"embeddable":true,"href":"https:\/\/vapotheque.ch\/de\/wp-json\/wp\/v2\/media\/14638"}],"wp:attachment":[{"href":"https:\/\/vapotheque.ch\/de\/wp-json\/wp\/v2\/media?parent=17305"}],"wp:term":[{"taxonomy":"product_cat","embeddable":true,"href":"https:\/\/vapotheque.ch\/de\/wp-json\/wp\/v2\/product_cat?post=17305"},{"taxonomy":"product_tag","embeddable":true,"href":"https:\/\/vapotheque.ch\/de\/wp-json\/wp\/v2\/product_tag?post=17305"}],"curies":[{"name":"wp","href":"https:\/\/api.w.org\/{rel}","templated":true}]}}