{"id":17302,"date":"2020-03-19T02:56:59","date_gmt":"2020-03-19T01:56:59","guid":{"rendered":"https:\/\/vapotheque.ch\/boutique\/voopoo-packung-mit-5-pnp-widerstaenden\/"},"modified":"2025-11-05T16:46:52","modified_gmt":"2025-11-05T15:46:52","slug":"voopoo-pnp-widerstaende","status":"publish","type":"product","link":"https:\/\/vapotheque.ch\/de\/shop\/voopoo-pnp-widerstaende\/","title":{"rendered":"Voopoo &#8211; PNP-Widerst\u00e4nde &#8211; Packung x5"},"content":{"rendered":"<h2>Voopoo bietet uns seine PNP-Widerst\u00e4nde an.<\/h2>\n<p>PNP-Voopoo-Spulen, die mit <strong>Drag S-Pods, Drag X-Pod, Vinci-Pod, Vinci X2 und Doric 60<\/strong> kompatibel sind.<\/p>\n<p>Die <strong>Mesh-Technologie<\/strong> f\u00f6rdert sowohl die hervorragende Geschmackswiedergabe als auch die gro\u00dfe Dampfwolke.<\/p>\n<p><strong>Dichter Dampf MTL\/RDL\/DL<\/strong> je nach gew\u00e4hltem Widerstand.<\/p>\n<p><strong>Verkauft in Schachteln mit 5 St\u00fcck.<\/strong><\/p>\n<\/p>\n<p>F\u00fcnf Versionen verf\u00fcgbar:<\/p>\n<ul>\n<li>PNP-VM6-Widerstand von 0,15 Ohm, zu verwenden zwischen 60 und 80 Watt.<\/li>\n<li>PNP-VM5-Widerstand von 0,20 Ohm zur Verwendung zwischen 40 und 60 Watt.<\/li>\n<li>PNP-VM1-Widerstand von 0,30 Ohm, zu verwenden zwischen 32 und 40 Watt.<\/li>\n<li>Pnp VM4 0,60 Ohm Widerstand zur Verwendung zwischen 20 und 28 Watt.<\/li>\n<li>0,80 Ohm Pnp-Widerstand DW zur Verwendung zwischen 12 und 18 Watt.<\/li>\n<\/ul>\n<p>Entdecken Sie alle Produkte der Marke <a href=\"..\/..\/product_brand\/voopoo\/\" target=\"_blank\" rel=\"noopener\">Voopoo<\/a>.<\/p>\n<p>Erhalten Sie Rabatte oder die neuesten Informationen \u00fcber unsere anderen Produkte, die in unseren Gesch\u00e4ften erh\u00e4ltlich sind, indem Sie uns auf unseren sozialen Netzwerken folgen: <a href=\"https:\/\/www.facebook.com\/VapeAigleCH\" target=\"_blank\" rel=\"noopener\">Facebook<\/a> oder <a href=\"https:\/\/www.instagram.com\/vapotheque_aigle\/\" target=\"_blank\" rel=\"noopener\">Instagram<\/a>.<\/p>\n","protected":false},"excerpt":{"rendered":"<p>Voopoo bietet uns seine PNP-Widerst\u00e4nde an. PNP-Voopoo-Spulen, die mit Drag S-Pods, Drag X-Pod, Vinci-Pod, Vinci X2 und Doric 60 kompatibel sind. Die Mesh-Technologie f\u00f6rdert sowohl die hervorragende Geschmackswiedergabe als auch die gro\u00dfe Dampfwolke. Dichter Dampf MTL\/RDL\/DL je nach gew\u00e4hltem Widerstand. Verkauft in Schachteln mit 5 St\u00fcck. F\u00fcnf Versionen verf\u00fcgbar: PNP-VM6-Widerstand von 0,15 Ohm, zu verwenden [&hellip;]<\/p>\n","protected":false},"featured_media":14686,"template":"","meta":{"_acf_changed":false},"product_cat":[408,399],"product_tag":[],"class_list":{"0":"post-17302","1":"product","2":"type-product","3":"status-publish","4":"has-post-thumbnail","6":"product_brand-voopoo-de","7":"product_cat-lieferbar-innerhalb-von-24-stunden-de","8":"product_cat-vorgefertigte-widerstande","10":"first","11":"instock","12":"taxable","13":"shipping-taxable","14":"purchasable","15":"product-type-variable"},"acf":[],"jetpack_sharing_enabled":true,"_links":{"self":[{"href":"https:\/\/vapotheque.ch\/de\/wp-json\/wp\/v2\/product\/17302","targetHints":{"allow":["GET"]}}],"collection":[{"href":"https:\/\/vapotheque.ch\/de\/wp-json\/wp\/v2\/product"}],"about":[{"href":"https:\/\/vapotheque.ch\/de\/wp-json\/wp\/v2\/types\/product"}],"wp:featuredmedia":[{"embeddable":true,"href":"https:\/\/vapotheque.ch\/de\/wp-json\/wp\/v2\/media\/14686"}],"wp:attachment":[{"href":"https:\/\/vapotheque.ch\/de\/wp-json\/wp\/v2\/media?parent=17302"}],"wp:term":[{"taxonomy":"product_cat","embeddable":true,"href":"https:\/\/vapotheque.ch\/de\/wp-json\/wp\/v2\/product_cat?post=17302"},{"taxonomy":"product_tag","embeddable":true,"href":"https:\/\/vapotheque.ch\/de\/wp-json\/wp\/v2\/product_tag?post=17302"}],"curies":[{"name":"wp","href":"https:\/\/api.w.org\/{rel}","templated":true}]}}