{"id":17301,"date":"2020-03-19T02:29:59","date_gmt":"2020-03-19T01:29:59","guid":{"rendered":"https:\/\/vapotheque.ch\/boutique\/innokin-packung-mit-5-zenith-widerstaenden\/"},"modified":"2025-11-05T18:06:26","modified_gmt":"2025-11-05T17:06:26","slug":"innokin-z-coils-widerstaende","status":"publish","type":"product","link":"https:\/\/vapotheque.ch\/de\/shop\/innokin-z-coils-widerstaende\/","title":{"rendered":"Innokin &#8211; Z Coils Coils &#8211; Packung x5"},"content":{"rendered":"<h2>Innokin bietet uns seine Z-Coils-Widerst\u00e4nde an.<\/h2>\n<p>Z Coils Widerst\u00e4nde von Innokin kompatibel mit Zenith, Zenith Pro, Zlide Tanks.<\/p>\n<p><strong>Dichter Dampf MTL\/RDL\/DL<\/strong> je nach gew\u00e4hltem Widerstand.<\/p>\n<p><strong>Verkauft in Schachteln mit 5 St\u00fcck.<\/strong><\/p>\n<\/p>\n<p>F\u00fcnf Versionen sind verf\u00fcgbar:<\/p>\n<ul>\n<li>0,30 Ohm: 30 und 40 Watt<\/li>\n<li>0,48 Ohm: 13 und 16 Watt!<\/li>\n<li>0,8 Ohm: 15 und 18 Watt.<\/li>\n<li>0,6 Ohm: 9 und 13 Watt.<\/li>\n<li>1,6 Ohm: 10 und 14 Watt.<\/li>\n<\/ul>\n<p>Entdecken Sie alle Produkte der Marke <a href=\"..\/..\/product_brand\/innokin\/\" target=\"_blank\" rel=\"noopener\">Innokin<\/a>.<\/p>\n<p>Erhalten Sie Rabatte oder die neuesten Informationen \u00fcber unsere anderen Produkte, die in unseren Gesch\u00e4ften erh\u00e4ltlich sind, indem Sie uns auf unseren sozialen Netzwerken folgen: <a href=\"https:\/\/www.facebook.com\/VapeAigleCH\" target=\"_blank\" rel=\"noopener\">Facebook<\/a> oder <a href=\"https:\/\/www.instagram.com\/vapotheque_aigle\/\" target=\"_blank\" rel=\"noopener\">Instagram<\/a>.<\/p>\n","protected":false},"excerpt":{"rendered":"<p>Innokin bietet uns seine Z-Coils-Widerst\u00e4nde an. Z Coils Widerst\u00e4nde von Innokin kompatibel mit Zenith, Zenith Pro, Zlide Tanks. Dichter Dampf MTL\/RDL\/DL je nach gew\u00e4hltem Widerstand. Verkauft in Schachteln mit 5 St\u00fcck. F\u00fcnf Versionen sind verf\u00fcgbar: 0,30 Ohm: 30 und 40 Watt 0,48 Ohm: 13 und 16 Watt! 0,8 Ohm: 15 und 18 Watt. 0,6 Ohm: [&hellip;]<\/p>\n","protected":false},"featured_media":14674,"template":"","meta":{"_acf_changed":false},"product_cat":[408,399],"product_tag":[],"class_list":{"0":"post-17301","1":"product","2":"type-product","3":"status-publish","4":"has-post-thumbnail","6":"product_brand-innokin-de","7":"product_cat-lieferbar-innerhalb-von-24-stunden-de","8":"product_cat-vorgefertigte-widerstande","10":"first","11":"instock","12":"taxable","13":"shipping-taxable","14":"purchasable","15":"product-type-variable"},"acf":[],"jetpack_sharing_enabled":true,"_links":{"self":[{"href":"https:\/\/vapotheque.ch\/de\/wp-json\/wp\/v2\/product\/17301","targetHints":{"allow":["GET"]}}],"collection":[{"href":"https:\/\/vapotheque.ch\/de\/wp-json\/wp\/v2\/product"}],"about":[{"href":"https:\/\/vapotheque.ch\/de\/wp-json\/wp\/v2\/types\/product"}],"wp:featuredmedia":[{"embeddable":true,"href":"https:\/\/vapotheque.ch\/de\/wp-json\/wp\/v2\/media\/14674"}],"wp:attachment":[{"href":"https:\/\/vapotheque.ch\/de\/wp-json\/wp\/v2\/media?parent=17301"}],"wp:term":[{"taxonomy":"product_cat","embeddable":true,"href":"https:\/\/vapotheque.ch\/de\/wp-json\/wp\/v2\/product_cat?post=17301"},{"taxonomy":"product_tag","embeddable":true,"href":"https:\/\/vapotheque.ch\/de\/wp-json\/wp\/v2\/product_tag?post=17301"}],"curies":[{"name":"wp","href":"https:\/\/api.w.org\/{rel}","templated":true}]}}