{"id":17293,"date":"2020-03-16T17:10:37","date_gmt":"2020-03-16T16:10:37","guid":{"rendered":"https:\/\/vapotheque.ch\/boutique\/fruizee-icee-mint-e-liquid\/"},"modified":"2025-11-05T18:15:35","modified_gmt":"2025-11-05T17:15:35","slug":"fruizee-icee-mint","status":"publish","type":"product","link":"https:\/\/vapotheque.ch\/de\/shop\/fruizee-icee-mint\/","title":{"rendered":"Fruizee &#8211; Icee Minze 50 ml \/ 70 ml E-Liquid"},"content":{"rendered":"<h2>Eliquid France arbeitete an seiner Fruizee-Reihe das E-Liquid Icee Mint.<\/h2>\n<p>Die E-Liquids Icee Mint aus der Fruizee-Reihe sind unglaublich frisch!<\/p>\n<p>Eine <strong>extra frische Minze<\/strong>, die Sie umhauen wird! Eines ist sicher: Sie werden einen eisigen Wind sp\u00fcren, der durch Ihren K\u00f6rper f\u00e4hrt!<\/p>\n<p>Der franz\u00f6sische Hersteller hat ein Rezept entwickelt, das den ganz Gro\u00dfen w\u00fcrdig ist! Sie werden sich zu jeder Zeit des Jahres wie im Urlaub f\u00fchlen!<\/p>\n<\/p>\n<p>Wichtig:<\/p>\n<p>E-Liquid mit Aromen 50 ml, verkauft in einem <strong>70-ml-Fl\u00e4schchen<\/strong>.<\/p>\n<p>Hergestellt in Frankreich.<\/p>\n<p>PG\/VG-Anteil: <strong>30<\/strong>%\/<strong>70<\/strong>%<\/p>\n<p>Entdecken Sie die anderen Produkte der <a href=\"..\/..\/product_brand\/fruizee\/\" target=\"_blank\" rel=\"noopener\">Fruizee-Reihe<\/a>.<\/p>\n<p>Erhalten Sie Rabatte oder die neuesten Informationen zu unseren Produkten, indem Sie uns in unseren sozialen Netzwerken folgen: <a href=\"https:\/\/www.facebook.com\/VapeAigleCH\" target=\"_blank\" rel=\"noopener\">Facebook<\/a> oder <a href=\"https:\/\/www.instagram.com\/vapotheque\" target=\"_blank\" rel=\"noopener\">Instagram<\/a>.<\/p>\n","protected":false},"excerpt":{"rendered":"<p>Eliquid France arbeitete an seiner Fruizee-Reihe das E-Liquid Icee Mint. Die E-Liquids Icee Mint aus der Fruizee-Reihe sind unglaublich frisch! Eine extra frische Minze, die Sie umhauen wird! Eines ist sicher: Sie werden einen eisigen Wind sp\u00fcren, der durch Ihren K\u00f6rper f\u00e4hrt! Der franz\u00f6sische Hersteller hat ein Rezept entwickelt, das den ganz Gro\u00dfen w\u00fcrdig ist! [&hellip;]<\/p>\n","protected":false},"featured_media":47763,"template":"","meta":{"_acf_changed":false},"product_cat":[405,408,401,1686,1679],"product_tag":[],"class_list":{"0":"post-17293","1":"product","2":"type-product","3":"status-publish","4":"has-post-thumbnail","6":"product_brand-fruizee-de","7":"product_cat-e-liquids","8":"product_cat-lieferbar-innerhalb-von-24-stunden-de","9":"product_cat-minze","10":"product_cat-50-ml-fur-70-ml","11":"product_cat-menge-e-flussigkeit-kapazitat-flasche","13":"first","14":"instock","15":"taxable","16":"shipping-taxable","17":"purchasable","18":"product-type-simple"},"acf":[],"jetpack_sharing_enabled":true,"_links":{"self":[{"href":"https:\/\/vapotheque.ch\/de\/wp-json\/wp\/v2\/product\/17293","targetHints":{"allow":["GET"]}}],"collection":[{"href":"https:\/\/vapotheque.ch\/de\/wp-json\/wp\/v2\/product"}],"about":[{"href":"https:\/\/vapotheque.ch\/de\/wp-json\/wp\/v2\/types\/product"}],"wp:featuredmedia":[{"embeddable":true,"href":"https:\/\/vapotheque.ch\/de\/wp-json\/wp\/v2\/media\/47763"}],"wp:attachment":[{"href":"https:\/\/vapotheque.ch\/de\/wp-json\/wp\/v2\/media?parent=17293"}],"wp:term":[{"taxonomy":"product_cat","embeddable":true,"href":"https:\/\/vapotheque.ch\/de\/wp-json\/wp\/v2\/product_cat?post=17293"},{"taxonomy":"product_tag","embeddable":true,"href":"https:\/\/vapotheque.ch\/de\/wp-json\/wp\/v2\/product_tag?post=17293"}],"curies":[{"name":"wp","href":"https:\/\/api.w.org\/{rel}","templated":true}]}}