{"id":17292,"date":"2020-03-13T12:58:36","date_gmt":"2020-03-13T11:58:36","guid":{"rendered":"https:\/\/vapotheque.ch\/boutique\/liquidarom-pastis-e-liquide\/"},"modified":"2025-11-05T16:39:52","modified_gmt":"2025-11-05T15:39:52","slug":"liquidarom-pastis-e-liquid","status":"publish","type":"product","link":"https:\/\/vapotheque.ch\/de\/shop\/liquidarom-pastis-e-liquid\/","title":{"rendered":"LiquidArom &#8211; Pastis E-Liquid 50 ml \/ 75 ml"},"content":{"rendered":"<h2>Entdecken Sie die e-Liquids Pastis von LiquidArom!<\/h2>\n<p>LiquidArom hat ein einfaches, aber schrecklich wirksames e-Liquid verarbeitet: Pastis!<\/p>\n<p>Der Pastis greift einen <strong>Klassiker aus der Provence<\/strong> auf. Das <strong>ber\u00fchmte Anisgetr\u00e4nk<\/strong> explodiert im Mund und liefert komplexe und furchtbar s\u00fcchtig machende Aromen. LiquidArom schafft es, uns mit diesem franz\u00f6sischen Saft, der nach Sommer riecht, den Alltag vergessen zu lassen. Liebhaber ehrlicher Aromen kommen hier voll auf ihre Kosten!<\/p>\n<\/p>\n<p>Wichtig:<\/p>\n<p>E-Liquid mit 50 ml-Aromen, verkauft in einem <strong>75-ml-Fl\u00e4schchen<\/strong>.<\/p>\n<p>Hergestellt in Frankreich.<\/p>\n<p>PG\/VG Anteil: <strong>50\/50<\/strong><\/p>\n<p>Sehen Sie sich alle Produkte der Marke <a href=\"..\/..\/product_brand\/liquidarom\/\" target=\"_blank\" rel=\"noopener\">Liquidarom<\/a> an.<\/p>\n<p>Erhalten Sie Rabatte oder die neuesten Informationen zu unseren Produkten, indem Sie uns in unseren sozialen Netzwerken folgen: <a href=\"https:\/\/www.facebook.com\/VapeAigleCH\" target=\"_blank\" rel=\"noopener\">Facebook<\/a> oder <a href=\"https:\/\/www.instagram.com\/vapotheque\" target=\"_blank\" rel=\"noopener\">Instagram<\/a>.<\/p>\n","protected":false},"excerpt":{"rendered":"<p>Entdecken Sie die e-Liquids Pastis von LiquidArom! LiquidArom hat ein einfaches, aber schrecklich wirksames e-Liquid verarbeitet: Pastis! Der Pastis greift einen Klassiker aus der Provence auf. Das ber\u00fchmte Anisgetr\u00e4nk explodiert im Mund und liefert komplexe und furchtbar s\u00fcchtig machende Aromen. LiquidArom schafft es, uns mit diesem franz\u00f6sischen Saft, der nach Sommer riecht, den Alltag vergessen [&hellip;]<\/p>\n","protected":false},"featured_media":20491,"template":"","meta":{"_acf_changed":false},"product_cat":[405,404,408,1686,1679],"product_tag":[],"class_list":{"0":"post-17292","1":"product","2":"type-product","3":"status-publish","4":"has-post-thumbnail","6":"product_brand-liquidarom-de","7":"product_cat-e-liquids","8":"product_cat-fruchtig","9":"product_cat-lieferbar-innerhalb-von-24-stunden-de","10":"product_cat-50-ml-fur-70-ml","11":"product_cat-menge-e-flussigkeit-kapazitat-flasche","13":"first","14":"instock","15":"taxable","16":"shipping-taxable","17":"purchasable","18":"product-type-simple"},"acf":[],"jetpack_sharing_enabled":true,"_links":{"self":[{"href":"https:\/\/vapotheque.ch\/de\/wp-json\/wp\/v2\/product\/17292","targetHints":{"allow":["GET"]}}],"collection":[{"href":"https:\/\/vapotheque.ch\/de\/wp-json\/wp\/v2\/product"}],"about":[{"href":"https:\/\/vapotheque.ch\/de\/wp-json\/wp\/v2\/types\/product"}],"wp:featuredmedia":[{"embeddable":true,"href":"https:\/\/vapotheque.ch\/de\/wp-json\/wp\/v2\/media\/20491"}],"wp:attachment":[{"href":"https:\/\/vapotheque.ch\/de\/wp-json\/wp\/v2\/media?parent=17292"}],"wp:term":[{"taxonomy":"product_cat","embeddable":true,"href":"https:\/\/vapotheque.ch\/de\/wp-json\/wp\/v2\/product_cat?post=17292"},{"taxonomy":"product_tag","embeddable":true,"href":"https:\/\/vapotheque.ch\/de\/wp-json\/wp\/v2\/product_tag?post=17292"}],"curies":[{"name":"wp","href":"https:\/\/api.w.org\/{rel}","templated":true}]}}