{"id":47359,"date":"2025-10-29T07:56:30","date_gmt":"2025-10-29T06:56:30","guid":{"rendered":"https:\/\/vapotheque.ch\/rechtlich\/"},"modified":"2025-11-05T14:55:49","modified_gmt":"2025-11-05T13:55:49","slug":"rechtlich","status":"publish","type":"page","link":"https:\/\/vapotheque.ch\/de\/rechtlich\/","title":{"rendered":"Rechtlich"},"content":{"rendered":"<h2 class=\"wp-block-heading\">Rechtliche Hinweise<\/h2><p><strong>Vapoth\u00e8que S\u00e0rl<\/strong><br\/>Rue du Bourg 24<br\/>1860 Adler<br\/>Schweiz<\/p><p><strong>UID-Nummer: CHE-268.668.519<\/strong><br\/>Rechtsform: <strong>Gesellschaft mit beschr\u00e4nkter Haftung (S\u00e0rl)<\/strong><br\/>Eingetragen im <strong>Handelsregister des Kantons Waadt<\/strong><\/p><p><strong>Telefon:<\/strong> +41 24 543 11 63<br\/><strong>E-Mail:<\/strong> <a>info@vapotheque.ch<\/a><br\/><strong>Webseite:<\/strong> <a href=\"https:\/\/www.vapotheque.ch\">www.vapotheque.ch<\/a><\/p><hr class=\"wp-block-separator has-alpha-channel-opacity\"\/><h2 class=\"wp-block-heading\">Leiter der Ver\u00f6ffentlichung<\/h2><p>Die Website wird von <strong>Vapoth\u00e8que S\u00e0rl<\/strong> herausgegeben.<\/p><hr class=\"wp-block-separator has-alpha-channel-opacity\"\/><h2 class=\"wp-block-heading\">Geistiges Eigentum<\/h2><p>Alle Inhalte der <strong><a href=\"http:\/\/www.vapotheque.ch\">www.vapotheque.ch<\/a><\/strong> Website, einschliesslich Texte, Bilder, Grafiken, Logos, Symbole, Videos und deren Formatierung, sind das ausschliessliche Eigentum von <strong>Vapoth\u00e8que S\u00e0rl<\/strong>, sofern nicht anders angegeben.<\/p><p>Jegliche Vervielf\u00e4ltigung, Verbreitung, \u00c4nderung, Anpassung, Weiterverbreitung oder Ver\u00f6ffentlichung, auch teilweise, dieser Elemente ist ohne vorherige schriftliche Zustimmung von <strong>Vapoth\u00e8que S\u00e0rl<\/strong> strengstens untersagt.<\/p><hr class=\"wp-block-separator has-alpha-channel-opacity\"\/><h2 class=\"wp-block-heading\">Produkte und Verantwortung<\/h2><p>Die auf dieser Website angebotenen Produkte sind <strong>Erwachsenen (ab 18 Jahren) vorbehalten.<\/strong><br\/>Der Verkauf von nikotinhaltigen Produkten ist Minderj\u00e4hrigen strengstens untersagt.<\/p><p>Vapoth\u00e8que S\u00e0rl bem\u00fcht sich, auf ihrer Website genaue und aktuelle Informationen zur Verf\u00fcgung zu stellen, kann jedoch nicht f\u00fcr Fehler, Auslassungen oder vor\u00fcbergehende Nichtverf\u00fcgbarkeit der Website verantwortlich gemacht werden.<\/p><hr class=\"wp-block-separator has-alpha-channel-opacity\"\/><h2 class=\"wp-block-heading\">Datenschutz<\/h2><p>Vapoth\u00e8que S\u00e0rl h\u00e4lt sich an die schweizerische Gesetzgebung <strong>zum Schutz personenbezogener Daten (DSG).<\/strong><br\/>Die Daten, die erhoben werden, wenn Sie Ihre Bestellungen aufgeben oder auf der Website surfen, werden vertraulich behandelt und nur im Rahmen der Gesch\u00e4ftsbeziehung verwendet.<\/p><p>Weitere Informationen finden Sie in unserer <strong><a href=\"#\">Datenschutzerkl\u00e4rung<\/a><\/strong>.<\/p><hr class=\"wp-block-separator has-alpha-channel-opacity\"\/><h2 class=\"wp-block-heading\">Anwendbares Recht und Gerichtsstand<\/h2><p>Dieser rechtliche Hinweis unterliegt <strong>schweizerischem Recht<\/strong>.<br\/>Im Streitfall sind die Gerichte des <strong>Kantons Waadt<\/strong> zust\u00e4ndig, unter Vorbehalt der Anrufung des Bundesgerichts.<\/p>","protected":false},"excerpt":{"rendered":"<p>Rechtliche Hinweise Vapoth\u00e8que S\u00e0rlRue du Bourg 241860 AdlerSchweiz UID-Nummer: CHE-268.668.519Rechtsform: Gesellschaft mit beschr\u00e4nkter Haftung (S\u00e0rl)Eingetragen im Handelsregister des Kantons Waadt Telefon: +41 24 543 11 63E-Mail: info@vapotheque.chWebseite: www.vapotheque.ch Leiter der Ver\u00f6ffentlichung Die Website wird von Vapoth\u00e8que S\u00e0rl herausgegeben. Geistiges Eigentum Alle Inhalte der www.vapotheque.ch Website, einschliesslich Texte, Bilder, Grafiken, Logos, Symbole, Videos und deren Formatierung, [&hellip;]<\/p>\n","protected":false},"author":4,"featured_media":0,"parent":0,"menu_order":32,"comment_status":"closed","ping_status":"closed","template":"","meta":{"_acf_changed":false,"footnotes":""},"class_list":["post-47359","page","type-page","status-publish","hentry"],"acf":[],"jetpack_sharing_enabled":true,"_links":{"self":[{"href":"https:\/\/vapotheque.ch\/de\/wp-json\/wp\/v2\/pages\/47359","targetHints":{"allow":["GET"]}}],"collection":[{"href":"https:\/\/vapotheque.ch\/de\/wp-json\/wp\/v2\/pages"}],"about":[{"href":"https:\/\/vapotheque.ch\/de\/wp-json\/wp\/v2\/types\/page"}],"author":[{"embeddable":true,"href":"https:\/\/vapotheque.ch\/de\/wp-json\/wp\/v2\/users\/4"}],"replies":[{"embeddable":true,"href":"https:\/\/vapotheque.ch\/de\/wp-json\/wp\/v2\/comments?post=47359"}],"version-history":[{"count":1,"href":"https:\/\/vapotheque.ch\/de\/wp-json\/wp\/v2\/pages\/47359\/revisions"}],"predecessor-version":[{"id":47360,"href":"https:\/\/vapotheque.ch\/de\/wp-json\/wp\/v2\/pages\/47359\/revisions\/47360"}],"wp:attachment":[{"href":"https:\/\/vapotheque.ch\/de\/wp-json\/wp\/v2\/media?parent=47359"}],"curies":[{"name":"wp","href":"https:\/\/api.w.org\/{rel}","templated":true}]}}