{"id":31828,"date":"2024-06-21T09:49:47","date_gmt":"2024-06-21T07:49:47","guid":{"rendered":"https:\/\/vapotheque.ch\/unsere-geschaefte-und-kontakt\/"},"modified":"2026-01-20T18:17:09","modified_gmt":"2026-01-20T17:17:09","slug":"unsere-geschaefte-und-kontakt","status":"publish","type":"page","link":"https:\/\/vapotheque.ch\/de\/unsere-geschaefte-und-kontakt\/","title":{"rendered":"Unsere Gesch\u00e4fte und Kontakt"},"content":{"rendered":"\t\t<div data-elementor-type=\"wp-page\" data-elementor-id=\"31828\" class=\"elementor elementor-31828 elementor-31695\" data-elementor-post-type=\"page\">\n\t\t\t\t<div class=\"elementor-element elementor-element-1211560 e-flex e-con-boxed e-con e-parent\" data-id=\"1211560\" data-element_type=\"container\">\n\t\t\t\t\t<div class=\"e-con-inner\">\n\t\t<div class=\"elementor-element elementor-element-a8b576a border-over e-flex e-con-boxed e-con e-child\" data-id=\"a8b576a\" data-element_type=\"container\" data-settings=\"{&quot;background_background&quot;:&quot;classic&quot;}\">\n\t\t\t\t\t<div class=\"e-con-inner\">\n\t\t\t\t<div class=\"elementor-element elementor-element-950bb98 elementor-widget elementor-widget-heading\" data-id=\"950bb98\" data-element_type=\"widget\" data-widget_type=\"heading.default\">\n\t\t\t\t<div class=\"elementor-widget-container\">\n\t\t\t\t\t<h1 class=\"elementor-heading-title elementor-size-default\">Unsere Gesch\u00e4fte<\/h1>\t\t\t\t<\/div>\n\t\t\t\t<\/div>\n\t\t\t\t\t<\/div>\n\t\t\t\t<\/div>\n\t\t\t\t\t<\/div>\n\t\t\t\t<\/div>\n\t\t<div class=\"elementor-element elementor-element-5d7746c e-grid elementor-hidden-mobile e-con-boxed e-con e-parent\" data-id=\"5d7746c\" data-element_type=\"container\">\n\t\t\t\t\t<div class=\"e-con-inner\">\n\t\t\t\t<div class=\"elementor-element elementor-element-a74009b elementor-widget elementor-widget-text-editor\" data-id=\"a74009b\" data-element_type=\"widget\" data-widget_type=\"text-editor.default\">\n\t\t\t\t<div class=\"elementor-widget-container\">\n\t\t\t\t\t\t\t\t\t<h2 style=\"text-align: center;\">Aigle<\/h2>\n<p style=\"text-align: center;\">Unser Team im Gesch\u00e4ft in Aigle erwartet Sie in der Rue du Bourg 24, um Ihnen zu helfen, Sie zu beraten und Ihnen die neuesten <a href=\"https:\/\/vapotheque.ch\/categorie\/highlight-produits\/\">Neuheiten<\/a> zu pr\u00e4sentieren.<\/p>\n\t\t\t\t\t\t\t\t<\/div>\n\t\t\t\t<\/div>\n\t\t\t\t<div class=\"elementor-element elementor-element-038c2b6 elementor-widget elementor-widget-text-editor\" data-id=\"038c2b6\" data-element_type=\"widget\" data-widget_type=\"text-editor.default\">\n\t\t\t\t<div class=\"elementor-widget-container\">\n\t\t\t\t\t\t\t\t\t<h2 style=\"text-align: center;\">Montreux<\/h2><p style=\"text-align: center;\">Unser Team im Gesch\u00e4ft in Montreux hei\u00dft Sie herzlich willkommen, ber\u00e4t Sie gerne und pr\u00e4sentiert Ihnen die neuesten Neuheiten im Bereich Vape.<\/p>\t\t\t\t\t\t\t\t<\/div>\n\t\t\t\t<\/div>\n\t\t\t\t<div class=\"elementor-element elementor-element-3c17345 elementor-widget elementor-widget-image\" data-id=\"3c17345\" data-element_type=\"widget\" data-widget_type=\"image.default\">\n\t\t\t\t<div class=\"elementor-widget-container\">\n\t\t\t\t\t\t\t\t\t\t\t\t\t\t\t<img decoding=\"async\" width=\"800\" height=\"800\" src=\"https:\/\/i0.wp.com\/vapotheque.ch\/wp-content\/uploads\/2025\/02\/Boutique_Aigle-3.jpeg?fit=800%2C800&amp;ssl=1\" class=\"attachment-large size-large wp-image-43762\" alt=\"\" \/>\t\t\t\t\t\t\t\t\t\t\t\t\t\t\t<\/div>\n\t\t\t\t<\/div>\n\t\t\t\t<div class=\"elementor-element elementor-element-fb6f410 elementor-widget elementor-widget-image\" data-id=\"fb6f410\" data-element_type=\"widget\" data-widget_type=\"image.default\">\n\t\t\t\t<div class=\"elementor-widget-container\">\n\t\t\t\t\t\t\t\t\t\t\t\t\t\t\t<img decoding=\"async\" width=\"800\" height=\"800\" src=\"https:\/\/i0.wp.com\/vapotheque.ch\/wp-content\/uploads\/2025\/02\/Design-sans-titre-11-1.jpg?fit=800%2C800&amp;ssl=1\" class=\"attachment-large size-large wp-image-43766\" alt=\"\" \/>\t\t\t\t\t\t\t\t\t\t\t\t\t\t\t<\/div>\n\t\t\t\t<\/div>\n\t\t\t\t<div class=\"elementor-element elementor-element-b4d44a1 elementor-widget elementor-widget-html\" data-id=\"b4d44a1\" data-element_type=\"widget\" data-widget_type=\"html.default\">\n\t\t\t\t<div class=\"elementor-widget-container\">\n\t\t\t\t\t<style>\n    .wpb_text_column {\n        text-align: center;\n    }\n<\/style>\n\n<div class=\"wpb_text_column wpb_content_element style-contact\">\n    <div class=\"wpb_wrapper\">\n        <h3 class=\"title-contact-info\">Adresse<\/h3>\n        <p class=\"description\">Rue du Bourg 24, 1860 Aigle<\/p>\n    <\/div>\n<\/div>\n\n<div class=\"wpb_text_column wpb_content_element style-contact\">\n    <div class=\"wpb_wrapper\">\n        <h3 class=\"title-contact-info\">Telefon<\/h3>\n        <p class=\"description\"><a href=\"tel:0245431163\">024 543 11 63<\/a><\/p>\n    <\/div>\n<\/div>\n\n<div class=\"wpb_text_column wpb_content_element style-contact\">\n    <div class=\"wpb_wrapper\">\n        <h3 class=\"title-contact-info\">\u00d6ffnungszeiten<\/h3>\n        <p class=\"description\">Montag \u2013 Freitag: 10:00 bis 18:30 Uhr<br>\n            Samstag: 10:00 bis 17:00 Uhr<\/p>\n    <\/div>\n<\/div>\n\t\t\t\t<\/div>\n\t\t\t\t<\/div>\n\t\t\t\t<div class=\"elementor-element elementor-element-6e8e651 elementor-widget elementor-widget-html\" data-id=\"6e8e651\" data-element_type=\"widget\" data-widget_type=\"html.default\">\n\t\t\t\t<div class=\"elementor-widget-container\">\n\t\t\t\t\t<div class=\"wpb_text_column wpb_content_element style-contact\">\n    <div class=\"wpb_wrapper\">\n        <h3 class=\"title-contact-info\">Adresse<\/h3>\n        <p class=\"description\">Rue de la Paix 1\/3, 1820 Montreux<\/p>\n    <\/div>\n<\/div>\n\n<div class=\"wpb_text_column wpb_content_element style-contact\">\n    <div class=\"wpb_wrapper\">\n        <h3 class=\"title-contact-info\">Telefon<\/h3>\n        <p class=\"description\"><a href=\"tel:0216115330\">021 611 53 30<\/a><\/p>\n    <\/div>\n<\/div>\n\n<div class=\"wpb_text_column wpb_content_element style-contact\">\n    <div class=\"wpb_wrapper\">\n        <h3 class=\"title-contact-info\">\u00d6ffnungszeiten<\/h3>\n        <p class=\"description\">\n            Montag - Freitag: 10:00 - 18:30 Uhr<br>\n            Samstag: 10:00 - 17:00 Uhr\n        <\/p>\n    <\/div>\n<\/div>\n\t\t\t\t<\/div>\n\t\t\t\t<\/div>\n\t\t\t\t\t<\/div>\n\t\t\t\t<\/div>\n\t\t<div class=\"elementor-element elementor-element-1af9e32 e-grid elementor-hidden-desktop elementor-hidden-tablet e-con-boxed e-con e-parent\" data-id=\"1af9e32\" data-element_type=\"container\">\n\t\t\t\t\t<div class=\"e-con-inner\">\n\t\t\t\t<div class=\"elementor-element elementor-element-096c2c6 elementor-widget elementor-widget-text-editor\" data-id=\"096c2c6\" data-element_type=\"widget\" data-widget_type=\"text-editor.default\">\n\t\t\t\t<div class=\"elementor-widget-container\">\n\t\t\t\t\t\t\t\t\t<h2 style=\"text-align: center;\">Aigle<\/h2>\n<p style=\"text-align: center;\">Unser Team im Gesch\u00e4ft in Aigle erwartet Sie in der Rue du Bourg 24, um Ihnen zu helfen, Sie zu beraten und Ihnen die neuesten <a href=\"https:\/\/vapotheque.ch\/categorie\/highlight-produits\/\">Neuheiten<\/a> zu pr\u00e4sentieren.<\/p>\n\t\t\t\t\t\t\t\t<\/div>\n\t\t\t\t<\/div>\n\t\t\t\t<div class=\"elementor-element elementor-element-dfaca2b elementor-widget elementor-widget-image\" data-id=\"dfaca2b\" data-element_type=\"widget\" data-widget_type=\"image.default\">\n\t\t\t\t<div class=\"elementor-widget-container\">\n\t\t\t\t\t\t\t\t\t\t\t\t\t\t\t<img decoding=\"async\" width=\"800\" height=\"800\" src=\"https:\/\/i0.wp.com\/vapotheque.ch\/wp-content\/uploads\/2024\/06\/Boutique_Aigle-3.jpeg?fit=800%2C800&amp;ssl=1\" class=\"attachment-large size-large wp-image-31926\" alt=\"Un magasin de vapotage bien \u00e9clair\u00e9 avec des int\u00e9rieurs en bois, pr\u00e9sentant des liquides de vapotage sur des \u00e9tag\u00e8res et un tonneau central, un comptoir avec une vitrine en verre et des v\u00eatements sur la gauche. Un panneau indique \u00ab Vape High End \u00bb.\" \/>\t\t\t\t\t\t\t\t\t\t\t\t\t\t\t<\/div>\n\t\t\t\t<\/div>\n\t\t\t\t<div class=\"elementor-element elementor-element-fe3b83d elementor-widget elementor-widget-html\" data-id=\"fe3b83d\" data-element_type=\"widget\" data-widget_type=\"html.default\">\n\t\t\t\t<div class=\"elementor-widget-container\">\n\t\t\t\t\t<style>\n    .wpb_text_column {\n        text-align: center;\n    }\n<\/style>\n\n<div class=\"wpb_text_column wpb_content_element style-contact\">\n    <div class=\"wpb_wrapper\">\n        <h3 class=\"title-contact-info\">Adresse<\/h3>\n        <p class=\"description\">Rue du Bourg 24, 1860 Aigle<\/p>\n    <\/div>\n<\/div>\n\n<div class=\"wpb_text_column wpb_content_element style-contact\">\n    <div class=\"wpb_wrapper\">\n        <h3 class=\"title-contact-info\">Telefon<\/h3>\n        <p class=\"description\"><a href=\"tel:0245431163\">024 543 11 63<\/a><\/p>\n    <\/div>\n<\/div>\n\n<div class=\"wpb_text_column wpb_content_element style-contact\">\n    <div class=\"wpb_wrapper\">\n        <h3 class=\"title-contact-info\">\u00d6ffnungszeiten<\/h3>\n        <p class=\"description\">Montag \u2013 Freitag: 10:00 bis 18:30 Uhr<br>\n            Samstag: 10:00 bis 17:00 Uhr<\/p>\n    <\/div>\n<\/div>\n\t\t\t\t<\/div>\n\t\t\t\t<\/div>\n\t\t\t\t<div class=\"elementor-element elementor-element-322723c elementor-hidden-desktop elementor-hidden-tablet elementor-widget-divider--view-line elementor-widget elementor-widget-divider\" data-id=\"322723c\" data-element_type=\"widget\" data-widget_type=\"divider.default\">\n\t\t\t\t<div class=\"elementor-widget-container\">\n\t\t\t\t\t\t\t<div class=\"elementor-divider\">\n\t\t\t<span class=\"elementor-divider-separator\">\n\t\t\t\t\t\t<\/span>\n\t\t<\/div>\n\t\t\t\t\t\t<\/div>\n\t\t\t\t<\/div>\n\t\t\t\t<div class=\"elementor-element elementor-element-2d466d2 elementor-widget elementor-widget-text-editor\" data-id=\"2d466d2\" data-element_type=\"widget\" data-widget_type=\"text-editor.default\">\n\t\t\t\t<div class=\"elementor-widget-container\">\n\t\t\t\t\t\t\t\t\t<h2 style=\"text-align: center;\">Montreux<\/h2><p style=\"text-align: center;\">Unser Team im Gesch\u00e4ft in Montreux hei\u00dft Sie herzlich willkommen, ber\u00e4t Sie gerne und pr\u00e4sentiert Ihnen die neuesten Neuheiten im Bereich Vape.<\/p>\t\t\t\t\t\t\t\t<\/div>\n\t\t\t\t<\/div>\n\t\t\t\t<div class=\"elementor-element elementor-element-7ad7c31 elementor-widget elementor-widget-image\" data-id=\"7ad7c31\" data-element_type=\"widget\" data-widget_type=\"image.default\">\n\t\t\t\t<div class=\"elementor-widget-container\">\n\t\t\t\t\t\t\t\t\t\t\t\t\t\t\t<img decoding=\"async\" width=\"800\" height=\"800\" src=\"https:\/\/i0.wp.com\/vapotheque.ch\/wp-content\/uploads\/2025\/02\/Design-sans-titre-11-1.jpg?fit=800%2C800&amp;ssl=1\" class=\"attachment-large size-large wp-image-43766\" alt=\"\" \/>\t\t\t\t\t\t\t\t\t\t\t\t\t\t\t<\/div>\n\t\t\t\t<\/div>\n\t\t\t\t<div class=\"elementor-element elementor-element-393a163 elementor-widget elementor-widget-html\" data-id=\"393a163\" data-element_type=\"widget\" data-widget_type=\"html.default\">\n\t\t\t\t<div class=\"elementor-widget-container\">\n\t\t\t\t\t<div class=\"wpb_text_column wpb_content_element style-contact\">\n    <div class=\"wpb_wrapper\">\n        <h3 class=\"title-contact-info\">Adresse<\/h3>\n        <p class=\"description\">Rue de la Paix 1\/3, 1820 Montreux<\/p>\n    <\/div>\n<\/div>\n\n<div class=\"wpb_text_column wpb_content_element style-contact\">\n    <div class=\"wpb_wrapper\">\n        <h3 class=\"title-contact-info\">Telefon<\/h3>\n        <p class=\"description\"><a href=\"tel:0216115330\">021 611 53 30<\/a><\/p>\n    <\/div>\n<\/div>\n\n<div class=\"wpb_text_column wpb_content_element style-contact\">\n    <div class=\"wpb_wrapper\">\n        <h3 class=\"title-contact-info\">\u00d6ffnungszeiten<\/h3>\n        <p class=\"description\">\n            Montag - Freitag: 10:00 - 18:30 Uhr<br>\n            Samstag: 10:00 - 17:00 Uhr\n        <\/p>\n    <\/div>\n<\/div>\n\t\t\t\t<\/div>\n\t\t\t\t<\/div>\n\t\t\t\t\t<\/div>\n\t\t\t\t<\/div>\n\t\t<div class=\"elementor-element elementor-element-3883bfce e-flex e-con-boxed e-con e-parent\" data-id=\"3883bfce\" data-element_type=\"container\">\n\t\t\t\t\t<div class=\"e-con-inner\">\n\t\t\t\t<div class=\"elementor-element elementor-element-52e34f9 elementor-widget-divider--view-line elementor-widget elementor-widget-divider\" data-id=\"52e34f9\" data-element_type=\"widget\" data-widget_type=\"divider.default\">\n\t\t\t\t<div class=\"elementor-widget-container\">\n\t\t\t\t\t\t\t<div class=\"elementor-divider\">\n\t\t\t<span class=\"elementor-divider-separator\">\n\t\t\t\t\t\t<\/span>\n\t\t<\/div>\n\t\t\t\t\t\t<\/div>\n\t\t\t\t<\/div>\n\t\t\t\t<div class=\"elementor-element elementor-element-88b73d1 elementor-widget elementor-widget-heading\" data-id=\"88b73d1\" data-element_type=\"widget\" data-widget_type=\"heading.default\">\n\t\t\t\t<div class=\"elementor-widget-container\">\n\t\t\t\t\t<h2 class=\"elementor-heading-title elementor-size-default\">Eine Frage? Bleiben wir in Kontakt :<\/h2>\t\t\t\t<\/div>\n\t\t\t\t<\/div>\n\t\t\t\t\t<\/div>\n\t\t\t\t<\/div>\n\t\t<div class=\"elementor-element elementor-element-dd87dfc e-flex e-con-boxed e-con e-parent\" data-id=\"dd87dfc\" data-element_type=\"container\">\n\t\t\t\t\t<div class=\"e-con-inner\">\n\t\t\t\t<div class=\"elementor-element elementor-element-703cdc1 elementor-widget elementor-widget-shortcode\" data-id=\"703cdc1\" data-element_type=\"widget\" data-widget_type=\"shortcode.default\">\n\t\t\t\t<div class=\"elementor-widget-container\">\n\t\t\t\t\t\t\t<div class=\"elementor-shortcode\">\n<div class=\"wpcf7 no-js\" id=\"wpcf7-f31905-o1\" lang=\"de-DE\" dir=\"ltr\" data-wpcf7-id=\"31905\">\n<div class=\"screen-reader-response\"><p role=\"status\" aria-live=\"polite\" aria-atomic=\"true\"><\/p> <ul><\/ul><\/div>\n<form action=\"\/de\/wp-json\/wp\/v2\/pages\/31828#wpcf7-f31905-o1\" method=\"post\" class=\"wpcf7-form init\" aria-label=\"Kontaktformular\" novalidate=\"novalidate\" data-status=\"init\">\n<div style=\"display: none;\">\n<input type=\"hidden\" name=\"_wpcf7\" value=\"31905\" \/>\n<input type=\"hidden\" name=\"_wpcf7_version\" value=\"6.0.6\" \/>\n<input type=\"hidden\" name=\"_wpcf7_locale\" value=\"de_DE\" \/>\n<input type=\"hidden\" name=\"_wpcf7_unit_tag\" value=\"wpcf7-f31905-o1\" \/>\n<input type=\"hidden\" name=\"_wpcf7_container_post\" value=\"0\" \/>\n<input type=\"hidden\" name=\"_wpcf7_posted_data_hash\" value=\"\" \/>\n<input type=\"hidden\" name=\"_wpcf7_recaptcha_response\" value=\"\" \/>\n<\/div>\n<p><label> Ihr Name (erforderlich)<br \/>\n<span class=\"wpcf7-form-control-wrap\" data-name=\"your-name\"><input size=\"40\" maxlength=\"400\" class=\"wpcf7-form-control wpcf7-text wpcf7-validates-as-required\" aria-required=\"true\" aria-invalid=\"false\" value=\"\" type=\"text\" name=\"your-name\" \/><\/span> <\/label>\n<\/p>\n<p><label> Ihre E-Mail-Adresse (erforderlich)<br \/>\n<span class=\"wpcf7-form-control-wrap\" data-name=\"your-email\"><input size=\"40\" maxlength=\"400\" class=\"wpcf7-form-control wpcf7-email wpcf7-validates-as-required wpcf7-text wpcf7-validates-as-email\" aria-required=\"true\" aria-invalid=\"false\" value=\"\" type=\"email\" name=\"your-email\" \/><\/span> <\/label>\n<\/p>\n<p><label> Betreff<br \/>\n<span class=\"wpcf7-form-control-wrap\" data-name=\"your-subject\"><input size=\"40\" maxlength=\"400\" class=\"wpcf7-form-control wpcf7-text\" aria-invalid=\"false\" value=\"\" type=\"text\" name=\"your-subject\" \/><\/span> <\/label>\n<\/p>\n<p><label> Ihre Nachricht<br \/>\n<span class=\"wpcf7-form-control-wrap\" data-name=\"your-message\"><textarea cols=\"40\" rows=\"10\" maxlength=\"2000\" class=\"wpcf7-form-control wpcf7-textarea\" aria-invalid=\"false\" name=\"your-message\"><\/textarea><\/span> <\/label><br \/>\n<label>Bitte kopieren Sie den Code:<\/label><br \/>\n<em>Um CAPTCHA zu verwenden, muss das Plugin <a href=\"https:\/\/wordpress.org\/plugins\/really-simple-captcha\/\" target=\"_blank\" rel=\"noopener\">Really Simple CAPTCHA<\/a> installiert sein.<\/em><span class=\"wpcf7-form-control-wrap\" data-name=\"captcha-170\"><input size=\"4\" maxlength=\"4\" class=\"wpcf7-form-control wpcf7-captchar\" autocomplete=\"off\" aria-invalid=\"false\" value=\"\" type=\"text\" name=\"captcha-170\" \/><\/span><br \/>\n<input class=\"wpcf7-form-control wpcf7-submit has-spinner\" type=\"submit\" value=\"Senden\" \/>\n<\/p><div class=\"wpcf7-response-output\" aria-hidden=\"true\"><\/div>\n<\/form>\n<\/div>\n<\/div>\n\t\t\t\t\t\t<\/div>\n\t\t\t\t<\/div>\n\t\t\t\t\t<\/div>\n\t\t\t\t<\/div>\n\t\t\t\t<\/div>\n\t\t","protected":false},"excerpt":{"rendered":"<p>Unsere Gesch\u00e4fte Aigle Unser Team im Gesch\u00e4ft in Aigle erwartet Sie in der Rue du Bourg 24, um Ihnen zu helfen, Sie zu beraten und Ihnen die neuesten Neuheiten zu pr\u00e4sentieren. Montreux Unser Team im Gesch\u00e4ft in Montreux hei\u00dft Sie herzlich willkommen, ber\u00e4t Sie gerne und pr\u00e4sentiert Ihnen die neuesten Neuheiten im Bereich Vape. Adresse [&hellip;]<\/p>\n","protected":false},"author":4,"featured_media":0,"parent":0,"menu_order":19,"comment_status":"closed","ping_status":"closed","template":"","meta":{"_acf_changed":false,"footnotes":""},"class_list":["post-31828","page","type-page","status-publish","hentry"],"acf":[],"jetpack_sharing_enabled":true,"_links":{"self":[{"href":"https:\/\/vapotheque.ch\/de\/wp-json\/wp\/v2\/pages\/31828","targetHints":{"allow":["GET"]}}],"collection":[{"href":"https:\/\/vapotheque.ch\/de\/wp-json\/wp\/v2\/pages"}],"about":[{"href":"https:\/\/vapotheque.ch\/de\/wp-json\/wp\/v2\/types\/page"}],"author":[{"embeddable":true,"href":"https:\/\/vapotheque.ch\/de\/wp-json\/wp\/v2\/users\/4"}],"replies":[{"embeddable":true,"href":"https:\/\/vapotheque.ch\/de\/wp-json\/wp\/v2\/comments?post=31828"}],"version-history":[{"count":28,"href":"https:\/\/vapotheque.ch\/de\/wp-json\/wp\/v2\/pages\/31828\/revisions"}],"predecessor-version":[{"id":48546,"href":"https:\/\/vapotheque.ch\/de\/wp-json\/wp\/v2\/pages\/31828\/revisions\/48546"}],"wp:attachment":[{"href":"https:\/\/vapotheque.ch\/de\/wp-json\/wp\/v2\/media?parent=31828"}],"curies":[{"name":"wp","href":"https:\/\/api.w.org\/{rel}","templated":true}]}}