{"id":17804,"date":"2016-07-25T13:52:10","date_gmt":"2016-07-25T11:52:10","guid":{"rendered":"https:\/\/vapotheque.ch\/wer-sind-wir\/"},"modified":"2026-01-20T18:22:35","modified_gmt":"2026-01-20T17:22:35","slug":"wer-sind-wir","status":"publish","type":"page","link":"https:\/\/vapotheque.ch\/de\/wer-sind-wir\/","title":{"rendered":"Wer sind wir?"},"content":{"rendered":"\t\t<div data-elementor-type=\"wp-page\" data-elementor-id=\"17804\" class=\"elementor elementor-17804 elementor-583\" data-elementor-post-type=\"page\">\n\t\t\t\t<div class=\"elementor-element elementor-element-589e2c2 e-flex e-con-boxed e-con e-parent\" data-id=\"589e2c2\" data-element_type=\"container\">\n\t\t\t\t\t<div class=\"e-con-inner\">\n\t\t\t\t<div class=\"elementor-element elementor-element-61a1a16 elementor-widget__width-initial image-left-content elementor-widget elementor-widget-image\" data-id=\"61a1a16\" data-element_type=\"widget\" data-widget_type=\"image.default\">\n\t\t\t\t<div class=\"elementor-widget-container\">\n\t\t\t\t\t\t\t\t\t\t\t\t\t\t\t<img data-recalc-dims=\"1\" decoding=\"async\" src=\"https:\/\/i0.wp.com\/vapotheque.ch\/wp-content\/uploads\/2020\/05\/portrait-vapotheque-marianne-bodron-eric-jacquemet-aigle.jpg?w=800&#038;ssl=1\" title=\"\" alt=\"portrait vapotheque marianne bodron eric jacquemet aigle\" loading=\"lazy\" \/>\t\t\t\t\t\t\t\t\t\t\t\t\t\t\t<\/div>\n\t\t\t\t<\/div>\n\t\t\t\t<div class=\"elementor-element elementor-element-f2259e8 elementor-widget__width-initial text-right-image elementor-widget elementor-widget-html\" data-id=\"f2259e8\" data-element_type=\"widget\" data-widget_type=\"html.default\">\n\t\t\t\t<div class=\"elementor-widget-container\">\n\t\t\t\t\t\n\t\t\t\t<h1 class=\"title\" style=\"display:none;\">Vapoth\u00e8que<\/h1>\n\t\t\t\t<h2 class=\"title\" style=\"display:none;\">Vape Shop<\/h2>\n\t\t\t<h3 class=\"title\">Wer sind wir?<\/h3>\n<p>&nbsp;<\/p>\n<div class=\"subtitle\">\n<p>La Vapoth\u00e8que ist ein Vape-Laden, der im August 2018 in Aigle er\u00f6ffnet wurde und dank eines zweiten Ladens in Montreux im Februar 2025 erweitert werden konnte. Raucher, die aufh\u00f6ren wollen, sowie erfahrene und unerfahrene Dampfer finden sich hier wieder!<\/p>\n<p>Es ist ein Ort des Austauschs. Mit uns oder untereinander: Jeder kann von seinen Erfahrungen profitieren. Ein offenes Ohr f\u00fcr die Bed\u00fcrfnisse ist unsere Priorit\u00e4t.<br>\nHier finden Sie S\u00e4fte, Material, das f\u00fcr jeden geeignet ist, und eine Entspannungsecke, um unser Sortiment zu genie\u00dfen und bestm\u00f6glich zu testen!<\/p>\n<p>Sie finden dort auch, und das ist einer der wichtigsten Punkte, lokale Materialien und S\u00e4fte \"made in swiss\".<\/p>\n<p><strong>\u00dcber die Gr\u00fcnder...<\/strong><br>\nWir sind mehr als ein Paar, wir sind ein Team!<br>\nWir sind leidenschaftlich und \u00fcberzeugt vom Dampfen, praktizieren es seit langem und stehen in Kontakt mit Dampfern, Herstellern, Kreativen und Handwerkern - zu unserem gr\u00f6\u00dften Vergn\u00fcgen ... und Ihrem!<\/p>\n<\/div>\n<p>&nbsp;<\/p>\n<div class=\"social\">Uns folgen:  <ul class=\"social-link\"><li><a href=\"https:\/\/www.facebook.com\/VapeAigleCH\" target=\"_blank\" rel=\"noopener\"><i class=\"fa fa-facebook-square\" aria-hidden=\"true\"><\/i>Facebook<\/a><\/li><li><a href=\"https:\/\/www.instagram.com\/vapotheque\/\" target=\"_blank\" rel=\"noopener\"><i class=\"fa fa-instagram\" aria-hidden=\"true\"><\/i>Instagram<\/a><\/li><\/ul><\/div>\n\n\t\t\t\t\t\t<\/div>\n\t\t\t\t<\/div>\n\t\t\t\t\t<\/div>\n\t\t\t\t<\/div>\n\t\t\t\t<\/div>\n\t\t","protected":false},"excerpt":{"rendered":"<p>Vapoth\u00e8que Vape Shop Wer sind wir? &nbsp; La Vapoth\u00e8que ist ein Vape-Laden, der im August 2018 in Aigle er\u00f6ffnet wurde und dank eines zweiten Ladens in Montreux im Februar 2025 erweitert werden konnte. Raucher, die aufh\u00f6ren wollen, sowie erfahrene und unerfahrene Dampfer finden sich hier wieder! Es ist ein Ort des Austauschs. Mit uns oder [&hellip;]<\/p>\n","protected":false},"author":4,"featured_media":0,"parent":0,"menu_order":27,"comment_status":"closed","ping_status":"closed","template":"elementor_header_footer","meta":{"_acf_changed":false,"footnotes":""},"class_list":["post-17804","page","type-page","status-publish","hentry"],"acf":[],"jetpack_sharing_enabled":true,"_links":{"self":[{"href":"https:\/\/vapotheque.ch\/de\/wp-json\/wp\/v2\/pages\/17804","targetHints":{"allow":["GET"]}}],"collection":[{"href":"https:\/\/vapotheque.ch\/de\/wp-json\/wp\/v2\/pages"}],"about":[{"href":"https:\/\/vapotheque.ch\/de\/wp-json\/wp\/v2\/types\/page"}],"author":[{"embeddable":true,"href":"https:\/\/vapotheque.ch\/de\/wp-json\/wp\/v2\/users\/4"}],"replies":[{"embeddable":true,"href":"https:\/\/vapotheque.ch\/de\/wp-json\/wp\/v2\/comments?post=17804"}],"version-history":[{"count":3,"href":"https:\/\/vapotheque.ch\/de\/wp-json\/wp\/v2\/pages\/17804\/revisions"}],"predecessor-version":[{"id":48552,"href":"https:\/\/vapotheque.ch\/de\/wp-json\/wp\/v2\/pages\/17804\/revisions\/48552"}],"wp:attachment":[{"href":"https:\/\/vapotheque.ch\/de\/wp-json\/wp\/v2\/media?parent=17804"}],"curies":[{"name":"wp","href":"https:\/\/api.w.org\/{rel}","templated":true}]}}